{"id":200,"date":"2018-05-16T20:34:23","date_gmt":"2018-05-16T20:34:23","guid":{"rendered":"http:\/\/www.fundacionmanosprovidentes.com.co\/?page_id=200"},"modified":"2018-06-13T23:00:00","modified_gmt":"2018-06-13T23:00:00","slug":"nuestra-fundacion","status":"publish","type":"page","link":"http:\/\/www.fundacionmanosprovidentes.com.co\/?page_id=200","title":{"rendered":"HISTORIA"},"content":{"rendered":"<h5 id=\"WRchTxt4-121r\" class=\"txtNew\" style=\"text-align: center;\" data-packed=\"true\"><strong>SAN CAYETANO DE THIENE<\/strong><\/h5>\n<div data-packed=\"true\"><img loading=\"lazy\" decoding=\"async\" class=\"wp-image-275 alignleft\" src=\"http:\/\/www.fundacionmanosprovidentes.com.co\/wp-content\/uploads\/2018\/05\/multimedia.normal.a3cbc10554c0427c.6e6f726d616c2e6a7067.jpg\" alt=\"\" width=\"279\" height=\"250\" \/><\/div>\n<div data-packed=\"true\"><\/div>\n<div data-packed=\"true\"><span class=\"color2\">San Cayetano fu\u00e9 un santo humilde y lleno de amor; nos ense\u00f1a a descubrir la presencia de Dios en el pr\u00f3jimo, sobre todo en el que sufre. Nos ense\u00f1a a SER, m\u00e1s que a tener, y a vivir libres y desprendidos confiando siempre en la bondad de Dios que cuida de todo y de todos.<\/span><span class=\"color2\">Hoy por hoy San Cayetano sigue presente entre nosotros: su af\u00e1n y amor por la Iglesia, su desprendimiento, su esp\u00edritu renovador, su ilimitada confianza en la Providencia de Dios, fue la herencia que nos dej\u00f3.<\/span><\/div>\n<div id=\"WRchTxt9-17ze\" class=\"txtNew\" style=\"text-align: center;\" data-packed=\"true\">\n<p class=\"font80\" style=\"text-align: left;\"><span class=\"color2\">San Cayetano, es un modelo de humildad, acostumbrado a hacer el bien en la penumbra, sin ruido y en silencio, quer\u00eda que despu\u00e9s de su muerte no quedase de \u00e9l ni el recuerdo, y que se ignorase el lugar de su sepultura.<\/span><\/p>\n<p>&nbsp;<\/p>\n<\/div>\n<h5><\/h5>\n<p>&nbsp;<\/p>\n<h5 style=\"text-align: center;\"><strong>ORDEN DE CL\u00c9RIGOS REGULARES TEATINOS<\/strong><\/h5>\n<p style=\"text-align: center;\"><img loading=\"lazy\" decoding=\"async\" class=\"size-medium wp-image-645 alignleft\" src=\"http:\/\/www.fundacionmanosprovidentes.com.co\/wp-content\/uploads\/2018\/05\/logorden-281x300.jpg\" alt=\"\" width=\"281\" height=\"300\" srcset=\"http:\/\/www.fundacionmanosprovidentes.com.co\/wp-content\/uploads\/2018\/05\/logorden-281x300.jpg 281w, http:\/\/www.fundacionmanosprovidentes.com.co\/wp-content\/uploads\/2018\/05\/logorden.jpg 500w\" sizes=\"auto, (max-width: 281px) 100vw, 281px\" \/><\/p>\n<p style=\"text-align: left;\">Su fundador es SAN CAYETANO. Un hombre que, buscando ante todo el Reino de Dios, quer\u00eda renovar la iglesia. Para ello busca un grupo de sacerdotes que, viviendo en comunidad religiosa, sean luz y ejemplo de vida sacerdotal. Fund\u00f3 la Orden, en Roma, el 14 de septiembre de 1524, fiesta de la Santa Cruz.<\/p>\n<p style=\"text-align: left;\">La tarea de los Teatinos, es esencialmente Sacerdotal y Apost\u00f3lica en toda su extensi\u00f3n.<\/p>\n<p style=\"text-align: left;\">Su lema es <strong>\u00abBUSCAD ANTE TODO EL REINO DE DIOS Y SU JUSTICIA. TODO LO DEM\u00c1S VENDR\u00c1 POR A\u00d1ADIDURA.\u00bb<\/strong> (Mateo 6, 33).<\/p>\n<p style=\"text-align: left;\">La confianza en la divina Providencia de Dios y el desprendimiento de las cosas terrenas forman parte del carisma de su Orden.<\/p>\n<h3 style=\"text-align: center;\"><\/h3>\n<p>&nbsp;<\/p>\n<h5><\/h5>\n<h5 style=\"text-align: center;\"><strong>TEATINOS EN COLOMBIA<\/strong><\/h5>\n<p style=\"text-align: center;\"><img loading=\"lazy\" decoding=\"async\" class=\"alignleft\" src=\"https:\/\/static.wixstatic.com\/media\/6356e7_5d1e93bac63e9ba8e7df7a8240be88ff.jpg\/v1\/fill\/w_326,h_221,al_c,q_80,usm_0.66_1.00_0.01\/6356e7_5d1e93bac63e9ba8e7df7a8240be88ff.webp\" alt=\"Resultado de imagen para teatinos en colombia\" width=\"266\" height=\"180\" \/><\/p>\n<p style=\"text-align: justify;\">En el a\u00f1o 1.998 lleg\u00f3 a la Ciudad de Cali la Orden de Cl\u00e9rigos Regulares Teatinos para hacerse cargo de la parroquia San Alberto Magno ubicada en el barrio Alfonso L\u00f3pez.<\/p>\n<p style=\"text-align: justify;\">El entonces Arzobispo de Cali, Monse\u00f1or Isa\u00edas Duarte Cancino, le solicit\u00f3 al Padre General de los Teatinos, Padre Gabriel D\u00e1rida, fundar una casa teatina en Cali \u2013 Colo.mbia para hacerse cargo de la parroquia San Alberto Magno, correspondiente a los barrios Alfonso L\u00f3pez, Puerto Nuevo y Brisas del Cauca, con su llegada se emprende un trabajo pastoral y social a favor de las personas m\u00e1s necesitadas.<\/p>\n<p style=\"text-align: justify;\">Los padres Teatinos comienzan con comedores comunitarios y la formaci\u00f3n de grupos parroquiales, donde conocen la necesidad tan marcada que tienen muchas familias para sus hijos en Educaci\u00f3n, salud, trabajo y otras muchas necesidades. Por esta raz\u00f3n los Teatinos despu\u00e9s de conocer la realidad y la falta de oportunidades de muchas personas, tienen la idea de crear una Fundaci\u00f3n que se preocupe por la problem\u00e1tica que vive grupo extenso de Cali y de Colombia.<\/p>\n<p>&nbsp;<\/p>\n","protected":false},"excerpt":{"rendered":"<p>SAN CAYETANO DE THIENE San Cayetano fu\u00e9 un santo humilde y lleno de amor; nos ense\u00f1a a descubrir la presencia<\/p>\n","protected":false},"author":1,"featured_media":0,"parent":257,"menu_order":1,"comment_status":"closed","ping_status":"closed","template":"","meta":{"footnotes":""},"class_list":["post-200","page","type-page","status-publish","hentry"],"_links":{"self":[{"href":"http:\/\/www.fundacionmanosprovidentes.com.co\/index.php?rest_route=\/wp\/v2\/pages\/200","targetHints":{"allow":["GET"]}}],"collection":[{"href":"http:\/\/www.fundacionmanosprovidentes.com.co\/index.php?rest_route=\/wp\/v2\/pages"}],"about":[{"href":"http:\/\/www.fundacionmanosprovidentes.com.co\/index.php?rest_route=\/wp\/v2\/types\/page"}],"author":[{"embeddable":true,"href":"http:\/\/www.fundacionmanosprovidentes.com.co\/index.php?rest_route=\/wp\/v2\/users\/1"}],"replies":[{"embeddable":true,"href":"http:\/\/www.fundacionmanosprovidentes.com.co\/index.php?rest_route=%2Fwp%2Fv2%2Fcomments&post=200"}],"version-history":[{"count":57,"href":"http:\/\/www.fundacionmanosprovidentes.com.co\/index.php?rest_route=\/wp\/v2\/pages\/200\/revisions"}],"predecessor-version":[{"id":1236,"href":"http:\/\/www.fundacionmanosprovidentes.com.co\/index.php?rest_route=\/wp\/v2\/pages\/200\/revisions\/1236"}],"up":[{"embeddable":true,"href":"http:\/\/www.fundacionmanosprovidentes.com.co\/index.php?rest_route=\/wp\/v2\/pages\/257"}],"wp:attachment":[{"href":"http:\/\/www.fundacionmanosprovidentes.com.co\/index.php?rest_route=%2Fwp%2Fv2%2Fmedia&parent=200"}],"curies":[{"name":"wp","href":"https:\/\/api.w.org\/{rel}","templated":true}]}}