{"id":42,"date":"2018-05-11T14:43:45","date_gmt":"2018-05-11T14:43:45","guid":{"rendered":"http:\/\/www.fundacionmanosprovidentes.com.co\/?page_id=42"},"modified":"2022-07-14T15:22:22","modified_gmt":"2022-07-14T15:22:22","slug":"registro-dian","status":"publish","type":"page","link":"http:\/\/www.fundacionmanosprovidentes.com.co\/?page_id=42","title":{"rendered":"REGISTRO ESAL"},"content":{"rendered":"<h5><strong>REGISTRO\u00a0 ESAL<\/strong><\/h5>\n<p>En cumplimiento de la ley 1819 de 2016 art\u00edculo 364-5 La Fundaci\u00f3n Manos Providentes declara haber publicado en su p\u00e1gina web los requisitos aqu\u00ed mencionados.<\/p>\n<p><a href=\"http:\/\/www.fundacionmanosprovidentes.com.co\/wp-content\/uploads\/2018\/05\/DECRETO-ARZOBISPAL.pdf\">DECRETO ARZOBISPAL<\/a><\/p>\n<p><a href=\"http:\/\/www.fundacionmanosprovidentes.com.co\/wp-content\/uploads\/2019\/05\/ER-DICIEMBRE-2018.pdf\">ER DICIEMBRE 2018<\/a><\/p>\n<p><a href=\"http:\/\/www.fundacionmanosprovidentes.com.co\/wp-content\/uploads\/2018\/05\/ESTATUTO-ACTUAL-FUNDACION-MANOS-PROVIDENTES.pdf\">ESTATUTO ACTUAL FUNDACION MANOS PROVIDENTES<\/a><\/p>\n<p><a href=\"http:\/\/www.fundacionmanosprovidentes.com.co\/wp-content\/uploads\/2022\/07\/INFORME-DE-GESTI\u00d3N-A\u00d1O-2020-2021.pdf\">INFORME DE GESTI\u00d3N A\u00d1O 2020 &#8211; 2021<\/a><\/p>\n<p><a href=\"http:\/\/www.fundacionmanosprovidentes.com.co\/wp-content\/uploads\/2019\/05\/1114604695193-2018.pdf\">1<\/a><\/p>\n<p>Nota: Si desea realizar alg\u00fan comentario, por favor escribanos desde facebook o rem\u00edtase directamente\u00a0 a la p\u00e1gina de la Dian\u00a0<a href=\"https:\/\/www.dian.gov.co\/\" target=\"_blank\" rel=\"noopener noreferrer\">https:\/\/www.dian.gov.co\/<\/a><\/p>\n","protected":false},"excerpt":{"rendered":"<p>REGISTRO\u00a0 ESAL En cumplimiento de la ley 1819 de 2016 art\u00edculo 364-5 La Fundaci\u00f3n Manos Providentes declara haber publicado en<\/p>\n","protected":false},"author":1,"featured_media":0,"parent":0,"menu_order":7,"comment_status":"closed","ping_status":"closed","template":"","meta":{"footnotes":""},"class_list":["post-42","page","type-page","status-publish","hentry"],"_links":{"self":[{"href":"http:\/\/www.fundacionmanosprovidentes.com.co\/index.php?rest_route=\/wp\/v2\/pages\/42","targetHints":{"allow":["GET"]}}],"collection":[{"href":"http:\/\/www.fundacionmanosprovidentes.com.co\/index.php?rest_route=\/wp\/v2\/pages"}],"about":[{"href":"http:\/\/www.fundacionmanosprovidentes.com.co\/index.php?rest_route=\/wp\/v2\/types\/page"}],"author":[{"embeddable":true,"href":"http:\/\/www.fundacionmanosprovidentes.com.co\/index.php?rest_route=\/wp\/v2\/users\/1"}],"replies":[{"embeddable":true,"href":"http:\/\/www.fundacionmanosprovidentes.com.co\/index.php?rest_route=%2Fwp%2Fv2%2Fcomments&post=42"}],"version-history":[{"count":45,"href":"http:\/\/www.fundacionmanosprovidentes.com.co\/index.php?rest_route=\/wp\/v2\/pages\/42\/revisions"}],"predecessor-version":[{"id":1483,"href":"http:\/\/www.fundacionmanosprovidentes.com.co\/index.php?rest_route=\/wp\/v2\/pages\/42\/revisions\/1483"}],"wp:attachment":[{"href":"http:\/\/www.fundacionmanosprovidentes.com.co\/index.php?rest_route=%2Fwp%2Fv2%2Fmedia&parent=42"}],"curies":[{"name":"wp","href":"https:\/\/api.w.org\/{rel}","templated":true}]}}