{"id":1240,"date":"2018-06-13T23:37:53","date_gmt":"2018-06-13T23:37:53","guid":{"rendered":"http:\/\/www.fundacionmanosprovidentes.com.co\/?page_id=1240"},"modified":"2018-06-13T23:37:53","modified_gmt":"2018-06-13T23:37:53","slug":"objetivos","status":"publish","type":"page","link":"https:\/\/www.fundacionmanosprovidentes.com.co\/?page_id=1240","title":{"rendered":"OBJETIVOS"},"content":{"rendered":"<h4 style=\"text-align: center;\"><strong>OBJETIVOS<\/strong><\/h4>\n<ul>\n<li>Promover la solidaridad ante diversas instituciones, empresas y personas para que se involucren en la soluci\u00f3n de las problem\u00e1ticas sociales.\u200b<\/li>\n<li>Crear y administrar centros de atenci\u00f3n integral para ni\u00f1os\/as, adolescentes, j\u00f3venes, madres cabeza de hogar y adultos mayores, tales como hogares infantiles, colegios, institutos t\u00e9cnicos-tecnol\u00f3gicos y otros, seg\u00fan las necesidades y posibilidades, para las personas de sectores de escasos recursos econ\u00f3micos y desarraigados por la violencia.<\/li>\n<li>\u200bOfrecer atenci\u00f3n pedag\u00f3gica, psico-social, m\u00e9dica e intervenci\u00f3n de apoyo en medio sociofamiliar a las personas de sectores de escasos recursos econ\u00f3micos y desarraigados por la violencia.<\/li>\n<li>\u200bBrindar programas de atenci\u00f3n nutricional a ni\u00f1os\/as, adolescentes, j\u00f3venes, madres cabeza de hogar y adultos mayores de sectores de escasos recursos econ\u00f3micos y desarraigados por la violencia.<\/li>\n<li>\u200bDesarrollar actividades l\u00fadicas, culturales y formativas para j\u00f3venes como medio de prevenci\u00f3n del consumo de sustancias psicoactivas y de la violencia, para promover su desarrollo humano.<\/li>\n<li>\u200bDesarrollar actividades y alianzas encaminadas a fomentar el mejoramiento de la calidad de vida de los m\u00e1s necesitados y de la comunidad en general.<\/li>\n<li>\u200bPromover y desarrollar proyectos de cooperaci\u00f3n nacional e internacional con entidades p\u00fablicas y privadas para llevar a cabo los objetivos de la Fundaci\u00f3n.<\/li>\n<\/ul>\n<h4 style=\"text-align: center;\"><\/h4>\n<p><img loading=\"lazy\" decoding=\"async\" class=\"wp-image-430 alignright\" src=\"http:\/\/colegiosancayetano.com.co\/wp-content\/uploads\/2018\/06\/b94e757bc237cd4096dfb9c8749beca5-300x200.jpg\" alt=\"\" width=\"289\" height=\"192\" \/><\/p>\n<p><img loading=\"lazy\" decoding=\"async\" class=\"wp-image-428 alignleft\" src=\"http:\/\/colegiosancayetano.com.co\/wp-content\/uploads\/2018\/06\/classroomphoto-300x169.jpg\" alt=\"\" width=\"305\" height=\"172\" \/><\/p>\n","protected":false},"excerpt":{"rendered":"<p>OBJETIVOS Promover la solidaridad ante diversas instituciones, empresas y personas para que se involucren en la soluci\u00f3n de las problem\u00e1ticas<\/p>\n","protected":false},"author":1,"featured_media":0,"parent":257,"menu_order":3,"comment_status":"closed","ping_status":"closed","template":"","meta":{"footnotes":""},"class_list":["post-1240","page","type-page","status-publish","hentry"],"_links":{"self":[{"href":"https:\/\/www.fundacionmanosprovidentes.com.co\/index.php?rest_route=\/wp\/v2\/pages\/1240","targetHints":{"allow":["GET"]}}],"collection":[{"href":"https:\/\/www.fundacionmanosprovidentes.com.co\/index.php?rest_route=\/wp\/v2\/pages"}],"about":[{"href":"https:\/\/www.fundacionmanosprovidentes.com.co\/index.php?rest_route=\/wp\/v2\/types\/page"}],"author":[{"embeddable":true,"href":"https:\/\/www.fundacionmanosprovidentes.com.co\/index.php?rest_route=\/wp\/v2\/users\/1"}],"replies":[{"embeddable":true,"href":"https:\/\/www.fundacionmanosprovidentes.com.co\/index.php?rest_route=%2Fwp%2Fv2%2Fcomments&post=1240"}],"version-history":[{"count":1,"href":"https:\/\/www.fundacionmanosprovidentes.com.co\/index.php?rest_route=\/wp\/v2\/pages\/1240\/revisions"}],"predecessor-version":[{"id":1241,"href":"https:\/\/www.fundacionmanosprovidentes.com.co\/index.php?rest_route=\/wp\/v2\/pages\/1240\/revisions\/1241"}],"up":[{"embeddable":true,"href":"https:\/\/www.fundacionmanosprovidentes.com.co\/index.php?rest_route=\/wp\/v2\/pages\/257"}],"wp:attachment":[{"href":"https:\/\/www.fundacionmanosprovidentes.com.co\/index.php?rest_route=%2Fwp%2Fv2%2Fmedia&parent=1240"}],"curies":[{"name":"wp","href":"https:\/\/api.w.org\/{rel}","templated":true}]}}