{"id":206,"date":"2018-05-16T20:44:52","date_gmt":"2018-05-16T20:44:52","guid":{"rendered":"http:\/\/www.fundacionmanosprovidentes.com.co\/?page_id=206"},"modified":"2018-06-08T15:33:52","modified_gmt":"2018-06-08T15:33:53","slug":"como-ayudar","status":"publish","type":"page","link":"https:\/\/www.fundacionmanosprovidentes.com.co\/?page_id=206","title":{"rendered":"COMO AYUDAR"},"content":{"rendered":"<p><img loading=\"lazy\" decoding=\"async\" class=\"alignnone size-large wp-image-438\" src=\"http:\/\/www.fundacionmanosprovidentes.com.co\/wp-content\/uploads\/2018\/05\/ayuda1-1024x454.jpg\" alt=\"\" width=\"825\" height=\"366\" srcset=\"https:\/\/www.fundacionmanosprovidentes.com.co\/wp-content\/uploads\/2018\/05\/ayuda1-1024x454.jpg 1024w, https:\/\/www.fundacionmanosprovidentes.com.co\/wp-content\/uploads\/2018\/05\/ayuda1-300x133.jpg 300w, https:\/\/www.fundacionmanosprovidentes.com.co\/wp-content\/uploads\/2018\/05\/ayuda1-768x341.jpg 768w, https:\/\/www.fundacionmanosprovidentes.com.co\/wp-content\/uploads\/2018\/05\/ayuda1.jpg 1678w\" sizes=\"auto, (max-width: 825px) 100vw, 825px\" \/><\/p>\n<p>&nbsp;<\/p>\n<p style=\"text-align: center;\">Queremos invitarle a apoyar la escolarizaci\u00f3n de ni\u00f1os y ni\u00f1as de bajos recursos para que inicien sus estudios desde\u00a0la temprana edad.<\/p>\n<p style=\"text-align: center;\">El Estado Nacional y Local, tiene limitados los cupos del\u00a0Programa de Ampliaci\u00f3n de Cobertura, a los ni\u00f1os mayores de\u00a05 a\u00f1os,\u00a0para iniciar su proceso de formaci\u00f3n, esta etapa debe ser\u00a0financiada por las familias y en nuestra comunidad muchas familias\u00a0no cuentan con los recursos necesarios.<\/p>\n<p style=\"text-align: center;\">Si usted desea\u00a0 apoyar\u00a0la obra social de los Padres\u00a0Teatinos en Cali o apadrinar un ni\u00f1o, toda ayuda ser\u00e1 bien recibida.<\/p>\n<p>&nbsp;<\/p>\n<p><img loading=\"lazy\" decoding=\"async\" class=\"wp-image-192 aligncenter\" src=\"http:\/\/www.fundacionmanosprovidentes.com.co\/wp-content\/uploads\/2018\/05\/22-1024x556.jpg\" alt=\"\" width=\"567\" height=\"308\" srcset=\"https:\/\/www.fundacionmanosprovidentes.com.co\/wp-content\/uploads\/2018\/05\/22-1024x556.jpg 1024w, https:\/\/www.fundacionmanosprovidentes.com.co\/wp-content\/uploads\/2018\/05\/22-300x163.jpg 300w, https:\/\/www.fundacionmanosprovidentes.com.co\/wp-content\/uploads\/2018\/05\/22-768x417.jpg 768w, https:\/\/www.fundacionmanosprovidentes.com.co\/wp-content\/uploads\/2018\/05\/22.jpg 1716w\" sizes=\"auto, (max-width: 567px) 100vw, 567px\" \/><\/p>\n<p>&nbsp;<\/p>\n<p style=\"text-align: left;\"><strong>Para obtener mas informaci\u00f3n se puede comunicar a los n\u00fameros directos de nuestras sedes que encontrar\u00e1 en el siguiente link<\/strong><\/p>\n<h6 style=\"text-align: left;\"><a href=\"http:\/\/www.fundacionmanosprovidentes.com.co\/?page_id=273\" rel=\"noopener\"><img loading=\"lazy\" decoding=\"async\" class=\"wp-image-1195 aligncenter\" src=\"http:\/\/www.fundacionmanosprovidentes.com.co\/wp-content\/uploads\/2018\/06\/CLICK.jpg\" alt=\"\" width=\"291\" height=\"84\" srcset=\"https:\/\/www.fundacionmanosprovidentes.com.co\/wp-content\/uploads\/2018\/06\/CLICK.jpg 606w, https:\/\/www.fundacionmanosprovidentes.com.co\/wp-content\/uploads\/2018\/06\/CLICK-300x87.jpg 300w\" sizes=\"auto, (max-width: 291px) 100vw, 291px\" \/><\/a><\/h6>\n<p style=\"text-align: left;\">\n","protected":false},"excerpt":{"rendered":"<p>&nbsp; Queremos invitarle a apoyar la escolarizaci\u00f3n de ni\u00f1os y ni\u00f1as de bajos recursos para que inicien sus estudios desde\u00a0la<\/p>\n","protected":false},"author":1,"featured_media":0,"parent":0,"menu_order":6,"comment_status":"closed","ping_status":"closed","template":"","meta":{"footnotes":""},"class_list":["post-206","page","type-page","status-publish","hentry"],"_links":{"self":[{"href":"https:\/\/www.fundacionmanosprovidentes.com.co\/index.php?rest_route=\/wp\/v2\/pages\/206","targetHints":{"allow":["GET"]}}],"collection":[{"href":"https:\/\/www.fundacionmanosprovidentes.com.co\/index.php?rest_route=\/wp\/v2\/pages"}],"about":[{"href":"https:\/\/www.fundacionmanosprovidentes.com.co\/index.php?rest_route=\/wp\/v2\/types\/page"}],"author":[{"embeddable":true,"href":"https:\/\/www.fundacionmanosprovidentes.com.co\/index.php?rest_route=\/wp\/v2\/users\/1"}],"replies":[{"embeddable":true,"href":"https:\/\/www.fundacionmanosprovidentes.com.co\/index.php?rest_route=%2Fwp%2Fv2%2Fcomments&post=206"}],"version-history":[{"count":31,"href":"https:\/\/www.fundacionmanosprovidentes.com.co\/index.php?rest_route=\/wp\/v2\/pages\/206\/revisions"}],"predecessor-version":[{"id":1198,"href":"https:\/\/www.fundacionmanosprovidentes.com.co\/index.php?rest_route=\/wp\/v2\/pages\/206\/revisions\/1198"}],"wp:attachment":[{"href":"https:\/\/www.fundacionmanosprovidentes.com.co\/index.php?rest_route=%2Fwp%2Fv2%2Fmedia&parent=206"}],"curies":[{"name":"wp","href":"https:\/\/api.w.org\/{rel}","templated":true}]}}